{"id":417,"date":"2024-12-06T18:03:31","date_gmt":"2024-12-06T17:03:31","guid":{"rendered":"https:\/\/skladisna-logistika.hr\/?page_id=417"},"modified":"2025-03-04T11:00:10","modified_gmt":"2025-03-04T10:00:10","slug":"terms-conditions","status":"publish","type":"page","link":"https:\/\/www.skladisna-logistika.hr\/en\/terms-conditions","title":{"rendered":"Terms and Conditions"},"content":{"rendered":"\n<p>Skladi\u0161na logistika d.o.o., OIB: 81060143905, Ventilatorska cesta 5a 10251 Hrvatski Leskovac, Zagreb, Hrvatska (\u201eSkladi\u0161na logistika\u201c), kao Voditelj zbirke osobnih podataka, obavje\u0161tava Vas da su Va\u0161i osobni podaci poslani sa web stranice www.skladisna-logistika.hr (dalje u tekstu \u201eweb stranice\u201c) i da \u0107e biti obra\u0111eni.<\/p>\n\n<p>Prihva\u0107anjem ove Izjave smatra se da slobodno i izri\u010dito dajete privolu za prikupljanje i daljnju obradu Va\u0161ih osobnih podataka ustupljenih Skladi\u0161noj logistici kao korisniku putem ovih web stranica u svrhe koje su ovdje izri\u010dito navedene. Radi se o dobrovoljnom davanju podataka te ovu Izjavu niste du\u017eni prihvatiti odnosno niste du\u017eni unositi svoje osobne podatke u jednu od prijavnih formi\/obrazaca dostupnih na ovim web stranicama.<\/p>\n\n<p>Prihva\u0107anjem ove Izjave i ustupanjem Va\u0161ih osobnih podataka unosom smatra se da ste suglasni s obradom istih u marketin\u0161ke svrhe (dostavljanje informacija, ponuda i promid\u017ebenih materijala o proizvodima i\/ili uslugama Skladi\u0161ne logistike, unaprje\u0111enje ogla\u0161avanja Skladi\u0161ne logistike i istra\u017eivanje tr\u017ei\u0161ta).<\/p>\n\n<p>Skladi\u0161na logistika \u0107e s Va\u0161im osobnim podacima postupati sukladno Op\u0107oj uredbi o za\u0161titi podataka koju mo\u017eete pro\u010ditati\u00a0<a href=\"http:\/\/eur-lex.europa.eu\/legal-content\/HR\/TXT\/HTML\/?uri=CELEX:32016R0679\">ovdje<\/a>, sukladno Politici privatnosti i kola\u010di\u0107a koju mo\u017eete pro\u010ditati\u00a0<a href=\"https:\/\/www.skladisna-logistika.hr\/info\/pravila-privatnosti-i-kolacici\">ovdje<\/a>\u00a0i sukladno drugim primjenjivim propisima Republike Hrvatske, a uvijek uz primjenu odgovaraju\u0107ih tehni\u010dkih i sigurnosnih mjera za\u0161tite osobnih podataka od neovla\u0161tenog pristupa, zlouporabe, otkrivanja, gubitka ili uni\u0161tenja. Skladi\u0161na logistika \u0161titi privatnost svojih korisnika i posjetitelja web stranica, \u010duva povjerljivost Va\u0161ih osobnih podataka te omogu\u0107ava pristup i priop\u0107avanje osobnih podataka samo onim svojim zaposlenicima kojima su isti potrebni radi provedbe njihovih poslovnih aktivnosti, a tre\u0107im osobama samo u slu\u010dajevima koji su dozvoljeni zakonima.<\/p>\n\n<p>Napominjemo da mo\u017eete u svako doba, u potpunosti ili djelomice, bez naknade i obja\u0161njenja odustati od dane privole i zatra\u017eiti prestanak aktivnosti obrade Va\u0161ih osobnih podataka i marketin\u0161ke aktivnosti usmjerene prema Vama. Opoziv privole mo\u017eete podnijeti po\u0161tom na gore navedenu adresu, ili e-mailom na adresu:\u00a0<a href=\"mailto: info@skladisna-logistika.hr\">info@skladisna-logistika.hr<\/a>.<\/p>\n\n<p>Molimo Vas da pa\u017eljivo pro\u010ditate ovu Izjavu. Prihva\u0107anjem ove Izjave i ustupanjem Va\u0161ih osobnih podataka putem ovih web stranica potvr\u0111ujete da ste istu pro\u010ditali i razumjeli te dopu\u0161tate Skladi\u0161noj logistici da obra\u0111uje i koristi va\u0161e osobne podatke u svrhu istra\u017eivanja tr\u017ei\u0161ta, slanja informacija, ponuda i promid\u017ebenih materijala o novim uslugama i\/ili proizvodima. Ovim putem izri\u010dito izjavljujete da imate vi\u0161e od 16\u00a0godina.<\/p>\n","protected":false},"excerpt":{"rendered":"<p>Skladi\u0161na logistika d.o.o., OIB: 81060143905, Ventilatorska cesta 5a 10251 Hrvatski Leskovac, Zagreb, Hrvatska (\u201eSkladi\u0161na logistika\u201c), kao Voditelj zbirke osobnih podataka, obavje\u0161tava Vas da su Va\u0161i osobni podaci poslani sa web stranice www.skladisna-logistika.hr (dalje u tekstu \u201eweb stranice\u201c) i da \u0107e biti obra\u0111eni. Prihva\u0107anjem ove Izjave smatra se da slobodno i izri\u010dito dajete privolu za prikupljanje [&hellip;]<\/p>\n","protected":false},"author":2,"featured_media":0,"parent":0,"menu_order":100,"comment_status":"closed","ping_status":"closed","template":"","meta":{"kontra_seo_title":"","kontra_seo_description":"","kontra_seo_image":0,"kontra_seo_canonical":"","kontra_seo_disabled":false,"footnotes":""},"class_list":["post-417","page","type-page","status-publish","hentry"],"_links":{"self":[{"href":"https:\/\/www.skladisna-logistika.hr\/en\/wp-json\/wp\/v2\/pages\/417","targetHints":{"allow":["GET"]}}],"collection":[{"href":"https:\/\/www.skladisna-logistika.hr\/en\/wp-json\/wp\/v2\/pages"}],"about":[{"href":"https:\/\/www.skladisna-logistika.hr\/en\/wp-json\/wp\/v2\/types\/page"}],"author":[{"embeddable":true,"href":"https:\/\/www.skladisna-logistika.hr\/en\/wp-json\/wp\/v2\/users\/2"}],"replies":[{"embeddable":true,"href":"https:\/\/www.skladisna-logistika.hr\/en\/wp-json\/wp\/v2\/comments?post=417"}],"version-history":[{"count":3,"href":"https:\/\/www.skladisna-logistika.hr\/en\/wp-json\/wp\/v2\/pages\/417\/revisions"}],"predecessor-version":[{"id":754,"href":"https:\/\/www.skladisna-logistika.hr\/en\/wp-json\/wp\/v2\/pages\/417\/revisions\/754"}],"wp:attachment":[{"href":"https:\/\/www.skladisna-logistika.hr\/en\/wp-json\/wp\/v2\/media?parent=417"}],"curies":[{"name":"wp","href":"https:\/\/api.w.org\/{rel}","templated":true}]}}